{"id":1031,"date":"2023-08-19T08:55:48","date_gmt":"2023-08-19T07:55:48","guid":{"rendered":"https:\/\/estreladafavela.com\/politica-de-privacidade\/"},"modified":"2023-08-19T08:55:48","modified_gmt":"2023-08-19T07:55:48","slug":"politica-de-privacidade","status":"publish","type":"page","link":"https:\/\/estreladafavela.com\/pt-br\/politica-de-privacidade\/","title":{"rendered":"Pol\u00edtica de privacidade"},"content":{"rendered":"<p class=\"p1\">A Estrela de Favela respeita a privacidade dos visitantes do site, em particular os direitos dos visitantes com rela\u00e7\u00e3o ao processamento automatizado de dados pessoais. Em raz\u00e3o da total transpar\u00eancia com nossos clientes, formulamos e implementamos uma pol\u00edtica relativa a essas opera\u00e7\u00f5es de processamento em si, sua finalidade e as possibilidades de os titulares dos dados exercerem seus direitos da melhor forma poss\u00edvel. <\/p>\n<p class=\"p1\">Para obter informa\u00e7\u00f5es adicionais sobre a prote\u00e7\u00e3o de dados pessoais, visite o site de dados pessoais da Autoridade: https:\/\/autoriteitpersoonsgegevens.nl\/nl.<\/p>\n<p class=\"p1\">At\u00e9 que voc\u00ea aceite o uso de cookies e outros sistemas de rastreamento no Site, n\u00e3o colocamos cookies anal\u00edticos n\u00e3o an\u00f4nimos e\/ou cookies de rastreamento no seu computador, telefone celular ou tablet. Ao continuar a visitar o Site, voc\u00ea aceita os seguintes termos de uso. <\/p>\n<p class=\"p1\">A vers\u00e3o atual da declara\u00e7\u00e3o de privacidade dispon\u00edvel no Site \u00e9 a \u00fanica vers\u00e3o que se aplica enquanto voc\u00ea visitar o Site, at\u00e9 que uma nova vers\u00e3o substitua a atual.<\/p>\n<h2 class=\"p1\">Artigo 1 - Disposi\u00e7\u00f5es legais<\/h2>\n<ol class=\"ol1\">\n<li class=\"li1\">Site (doravante tamb\u00e9m \"o site\"): www.estreladafavela.com<\/li>\n<li class=\"li1\">Controlador do processamento de dados pessoais (doravante tamb\u00e9m: \"O Controlador\"): Estrela de Favela, localizada na Roemer Visscherstraat 32 H, 1054 EZ em Amsterd\u00e3, status ANBI no: 825597882<\/li>\n<\/ol>\n<h2 class=\"p1\">Artigo 2 - Acesso ao site<\/h2>\n<p class=\"p1\">O acesso e o uso do site s\u00e3o estritamente pessoais. Voc\u00ea n\u00e3o deve usar este site e os dados e informa\u00e7\u00f5es nele fornecidos para fins comerciais, pol\u00edticos ou publicit\u00e1rios ou para quaisquer ofertas comerciais e, em particular, n\u00e3o para ofertas eletr\u00f4nicas n\u00e3o solicitadas. <\/p>\n<h2 class=\"p1\">Artigo 3 - O conte\u00fado do site<\/h2>\n<p class=\"p1\">Todas as marcas, imagens, textos, coment\u00e1rios, ilustra\u00e7\u00f5es, fotos (animadas), imagens de v\u00eddeo, sons, bem como todos os aplicativos t\u00e9cnicos que podem ser usados para operar o site e, de modo mais geral, todos os componentes usados neste site, s\u00e3o protegidos por direitos de propriedade intelectual. \u00c9 estritamente proibida qualquer reprodu\u00e7\u00e3o, repeti\u00e7\u00e3o, uso ou adapta\u00e7\u00e3o, por qualquer meio que seja, de todo o site ou de apenas parte dele, incluindo os aplicativos t\u00e9cnicos, sem o consentimento pr\u00e9vio por escrito da pessoa respons\u00e1vel. Se o gerente n\u00e3o tomar medidas imediatas contra qualquer infra\u00e7\u00e3o, isso n\u00e3o poder\u00e1 ser interpretado como consentimento t\u00e1cito ou ren\u00fancia de a\u00e7\u00e3o legal.  <\/p>\n<h2 class=\"p1\">Artigo 4 - Gerenciamento do site<\/h2>\n<p class=\"p1\">Para o gerenciamento adequado do site, o administrador pode a qualquer momento:<\/p>\n<ul class=\"ul1\">\n<li class=\"li1\">suspender, interromper ou restringir o acesso a todo ou parte do site a uma determinada categoria de visitantes<\/li>\n<li class=\"li1\">remover qualquer informa\u00e7\u00e3o que possa interferir no funcionamento do site ou violar a legisla\u00e7\u00e3o nacional ou internacional ou a etiqueta da Internet<\/li>\n<li class=\"li1\">deixar o site temporariamente indispon\u00edvel para realizar atualiza\u00e7\u00f5es<\/li>\n<\/ul>\n<h2 class=\"p1\">Artigo 5 - Responsabilidades<\/h2>\n<p class=\"p1\">Em nenhuma circunst\u00e2ncia a operadora ser\u00e1 respons\u00e1vel por qualquer falha, mau funcionamento, dificuldade ou interrup\u00e7\u00e3o na opera\u00e7\u00e3o do site que resulte na impossibilidade de acessar o site ou qualquer uma de suas funcionalidades. A maneira pela qual voc\u00ea se conecta ao site \u00e9 de sua inteira responsabilidade. O usu\u00e1rio \u00e9 respons\u00e1vel por tomar todas as medidas apropriadas para proteger seu equipamento e seus dados contra, entre outros, ataques de v\u00edrus na Internet. Al\u00e9m disso, voc\u00ea \u00e9 respons\u00e1vel pelos sites e dados que consultar na Internet.   <\/p>\n<p class=\"p1\">O administrador n\u00e3o \u00e9 respons\u00e1vel por nenhuma a\u00e7\u00e3o legal tomada contra voc\u00ea:<\/p>\n<ul class=\"ul1\">\n<li class=\"li1\">devido ao uso do site ou dos servi\u00e7os acess\u00edveis pela Internet<\/li>\n<li class=\"li1\">por violar os termos desta pol\u00edtica de privacidade<\/li>\n<\/ul>\n<p class=\"p1\">A operadora n\u00e3o \u00e9 respons\u00e1vel por quaisquer danos sofridos por voc\u00ea, por terceiros ou por seu equipamento como resultado de sua conex\u00e3o ou uso do site. Voc\u00ea se abster\u00e1 de tomar qualquer medida contra a operadora em decorr\u00eancia disso. <\/p>\n<p class=\"p1\">Se a operadora se envolver em uma disputa como resultado do seu uso deste site, ela ter\u00e1 o direito de recuperar de voc\u00ea todos os danos que sofreu e sofrer\u00e1 como resultado.<\/p>\n<h2 class=\"p1\">Artigo 6 - Coleta de dados<\/h2>\n<p class=\"p1\">Seus dados s\u00e3o coletados pela Estrela de Favela e por (um) processador(es) externo(s). Dados pessoais significa qualquer informa\u00e7\u00e3o relacionada a uma pessoa f\u00edsica identificada ou identific\u00e1vel; uma pessoa f\u00edsica identific\u00e1vel \u00e9 aquela que pode ser identificada, direta ou indiretamente, em particular por meio de um identificador como um nome, um n\u00famero de identifica\u00e7\u00e3o, dados de localiza\u00e7\u00e3o, um identificador on-line ou um ou mais elementos que caracterizam a identidade f\u00edsica, fisiol\u00f3gica, gen\u00e9tica, psicol\u00f3gica, econ\u00f4mica, cultural ou social. <\/p>\n<p class=\"p1\">Os dados pessoais coletados no site s\u00e3o usados principalmente pela operadora para manter rela\u00e7\u00f5es com voc\u00ea e, se aplic\u00e1vel, para processar seus pedidos.<\/p>\n<h2 class=\"p1\">Artigo 7 - Seus direitos em rela\u00e7\u00e3o aos seus dados<\/h2>\n<p class=\"p1\">De acordo com o Artigo 13(2)(b) da AVG, todos t\u00eam o direito de acessar e retificar ou apagar seus dados pessoais ou restringir o processamento a seu respeito, bem como o direito de se opor ao processamento e o direito \u00e0 portabilidade de dados. Voc\u00ea pode exercer esses direitos entrando em contato conosco pelo <a href=\"mailto:info@estreladafavela.com\">e-mail info@estreladafavela.com.<\/a> <\/p>\n<p class=\"p1\">Qualquer solicita\u00e7\u00e3o desse tipo deve ser acompanhada de uma c\u00f3pia de um documento de identidade v\u00e1lido no qual voc\u00ea tenha aposto sua assinatura e indicando o endere\u00e7o no qual voc\u00ea pode ser contatado. Dentro de um m\u00eas ap\u00f3s o envio da solicita\u00e7\u00e3o, voc\u00ea receber\u00e1 uma resposta \u00e0 sua solicita\u00e7\u00e3o. Dependendo da complexidade das solicita\u00e7\u00f5es e do n\u00famero de solicita\u00e7\u00f5es, esse prazo poder\u00e1 ser prorrogado por 2 meses, se necess\u00e1rio.  <\/p>\n<h2 class=\"p1\">Artigo 8 - Processamento de dados pessoais<\/h2>\n<p class=\"p1\">Em caso de viola\u00e7\u00e3o de quaisquer leis ou regulamentos, dos quais o visitante seja suspeito e para os quais as autoridades exijam dados pessoais coletados pelo administrador, eles ser\u00e3o fornecidos a elas ap\u00f3s uma solicita\u00e7\u00e3o expl\u00edcita e fundamentada por essas autoridades, ap\u00f3s o que esses dados pessoais n\u00e3o estar\u00e3o mais sob a prote\u00e7\u00e3o das disposi\u00e7\u00f5es desta declara\u00e7\u00e3o de privacidade.<\/p>\n<p class=\"p1\">Se determinadas informa\u00e7\u00f5es forem necess\u00e1rias para acessar certas funcionalidades do site, a parte respons\u00e1vel indicar\u00e1 a natureza obrigat\u00f3ria dessas informa\u00e7\u00f5es no momento da solicita\u00e7\u00e3o dos dados.<\/p>\n<h2 class=\"p1\">Artigo 9 - Ofertas comerciais<\/h2>\n<p class=\"p1\">Voc\u00ea poder\u00e1 receber ofertas comerciais do administrador. Caso n\u00e3o deseje (ou n\u00e3o queira mais) receb\u00ea-las, envie um e-mail para o seguinte endere\u00e7o: <a href=\"mailto:info@estreladafavela.com\">info@estreladafavela.com.<\/a> <\/p>\n<p class=\"p1\">Seus dados podem ser usados por parceiros do respons\u00e1vel para fins comerciais. Caso n\u00e3o deseje isso, envie um e-mail para o seguinte endere\u00e7o: <a href=\"mailto:info@estreladafavela.com\">info@estreladafavela.com.<\/a> <\/p>\n<p class=\"p1\">Se voc\u00ea se deparar com quaisquer dados pessoais durante sua visita ao site, dever\u00e1 abster-se de colet\u00e1-los ou de qualquer outro uso n\u00e3o autorizado, bem como de qualquer ato que constitua uma viola\u00e7\u00e3o da privacidade dessa(s) pessoa(s). Em nenhuma circunst\u00e2ncia o administrador \u00e9 respons\u00e1vel pelas situa\u00e7\u00f5es acima. <\/p>\n<h2 class=\"p1\">Artigo 10 - Per\u00edodo de reten\u00e7\u00e3o de dados<\/h2>\n<p class=\"p1\">Os dados coletados pelo operador do site ser\u00e3o usados e armazenados pelo per\u00edodo estipulado por lei.<\/p>\n<h2 class=\"p1\">Artigo 11 - Cookies<\/h2>\n<p class=\"p1\">1 Um cookie \u00e9 um pequeno arquivo de texto que \u00e9 colocado no disco r\u00edgido do seu computador quando voc\u00ea visita nosso site. Um cookie cont\u00e9m dados para que voc\u00ea possa ser reconhecido como visitante sempre que acessar nosso site. Assim, \u00e9 poss\u00edvel configurar nosso site especificamente para voc\u00ea e facilitar o login. Ao acessar nosso site, ser\u00e1 exibido um banner informando sobre o uso de cookies. Ao continuar a usar nosso site, voc\u00ea aceita seu uso. Seu consentimento \u00e9 v\u00e1lido por um per\u00edodo de treze meses.     <\/p>\n<p class=\"p1\">2 Usamos os seguintes tipos de cookies em nosso site:<\/p>\n<ul class=\"ul1\">\n<li class=\"li1\">Cookies funcionais: como cookies de sess\u00e3o e login para rastrear informa\u00e7\u00f5es de sess\u00e3o e login.<\/li>\n<li class=\"li1\">Cookies anal\u00edticos an\u00f4nimos: Para obter informa\u00e7\u00f5es sobre as visitas ao nosso site com base em informa\u00e7\u00f5es sobre n\u00fameros de visitantes, p\u00e1ginas e t\u00f3picos populares. Isso nos permite adaptar melhor a comunica\u00e7\u00e3o e o fornecimento de informa\u00e7\u00f5es \u00e0s necessidades dos visitantes do nosso site. N\u00e3o podemos ver quem visita nossos sites ou de qual computador a visita \u00e9 feita.  <\/li>\n<li class=\"li1\">Cookies anal\u00edticos n\u00e3o an\u00f4nimos: Para obter informa\u00e7\u00f5es sobre as visitas ao nosso site com base em informa\u00e7\u00f5es sobre n\u00fameros de visitantes, p\u00e1ginas e t\u00f3picos populares. Isso nos permite adaptar melhor a comunica\u00e7\u00e3o e o fornecimento de informa\u00e7\u00f5es \u00e0s necessidades dos visitantes do nosso site. <\/li>\n<li class=\"li1\">Cookies de rastreamento: como cookies de publicidade projetados para exibir an\u00fancios relevantes. Os interesses pessoais podem ser derivados de informa\u00e7\u00f5es sobre os sites visitados. Isso permite que as organiza\u00e7\u00f5es exibam an\u00fancios direcionados aos visitantes de seus sites, por exemplo. Os cookies de rastreamento permitem criar perfis de pessoas e trat\u00e1-las de forma diferente. Os cookies de rastreamento geralmente processam dados pessoais.    <\/li>\n<\/ul>\n<p class=\"p1\">3 Mais especificamente, usamos os seguintes cookies:<\/p>\n<ul class=\"ul1\">\n<li class=\"li1\">Google Analytics (cookie anal\u00edtico)<\/li>\n<\/ul>\n<p class=\"p1\">4 Quando voc\u00ea visita nosso site, cookies origin\u00e1rios do controlador e\/ou de terceiros podem ser instalados em seu equipamento.<\/p>\n<p class=\"p1\">Para obter mais informa\u00e7\u00f5es sobre o uso, o gerenciamento e a exclus\u00e3o de cookies para cada tipo de sistema operacional, convidamos voc\u00ea a consultar o seguinte link: https:\/\/autoriteitpersoonsgegevens.nl\/nl\/onderwerpen\/internet-telefoon-tv-en-post\/cookies#faq<\/p>\n<h2 class=\"p1\">Artigo 12 - Material visual e produtos oferecidos<\/h2>\n<p class=\"p1\">Nenhum direito pode ser derivado do material visual pertencente aos produtos oferecidos no site.<\/p>\n<h2 class=\"p1\">Artigo 13 - Lei aplic\u00e1vel<\/h2>\n<p class=\"p1\">Estes termos e condi\u00e7\u00f5es s\u00e3o regidos pela lei holandesa. O tribunal da jurisdi\u00e7\u00e3o do administrador tem jurisdi\u00e7\u00e3o exclusiva em quaisquer disputas relativas a estes termos e condi\u00e7\u00f5es, exceto quando uma exce\u00e7\u00e3o estatut\u00e1ria se aplicar. <\/p>\n<h2 class=\"p1\">Artigo 14 - Contato<\/h2>\n<p class=\"p1\">Em caso de d\u00favidas, informa\u00e7\u00f5es sobre produtos ou sobre o pr\u00f3prio site, entre em contato com: <a href=\"mailto:info@estreladafavela.com\">info@estreladafavela.com.<\/a><\/p>\n<p class=\"p1\">Este aviso de privacidade est\u00e1 em vigor desde 01-08-2024 at\u00e9 novo aviso.<\/p>\n","protected":false},"excerpt":{"rendered":"<p>A Estrela de Favela respeita a privacidade dos visitantes do site, em particular os direitos dos visitantes com rela\u00e7\u00e3o ao processamento automatizado de dados pessoais. Em raz\u00e3o da total transpar\u00eancia com nossos clientes, formulamos e implementamos uma pol\u00edtica relativa a essas opera\u00e7\u00f5es de processamento em si, sua finalidade e as possibilidades de os titulares dos [&hellip;]<\/p>\n","protected":false},"author":3,"featured_media":0,"parent":0,"menu_order":0,"comment_status":"closed","ping_status":"closed","template":"","meta":{"footnotes":""},"class_list":["post-1031","page","type-page","status-publish","hentry"],"_links":{"self":[{"href":"https:\/\/estreladafavela.com\/pt-br\/wp-json\/wp\/v2\/pages\/1031","targetHints":{"allow":["GET"]}}],"collection":[{"href":"https:\/\/estreladafavela.com\/pt-br\/wp-json\/wp\/v2\/pages"}],"about":[{"href":"https:\/\/estreladafavela.com\/pt-br\/wp-json\/wp\/v2\/types\/page"}],"author":[{"embeddable":true,"href":"https:\/\/estreladafavela.com\/pt-br\/wp-json\/wp\/v2\/users\/3"}],"replies":[{"embeddable":true,"href":"https:\/\/estreladafavela.com\/pt-br\/wp-json\/wp\/v2\/comments?post=1031"}],"version-history":[{"count":0,"href":"https:\/\/estreladafavela.com\/pt-br\/wp-json\/wp\/v2\/pages\/1031\/revisions"}],"wp:attachment":[{"href":"https:\/\/estreladafavela.com\/pt-br\/wp-json\/wp\/v2\/media?parent=1031"}],"curies":[{"name":"wp","href":"https:\/\/api.w.org\/{rel}","templated":true}]}}